{"id":118,"date":"2024-05-12T13:36:33","date_gmt":"2024-05-12T11:36:33","guid":{"rendered":"https:\/\/stsl-asso.org\/?page_id=118"},"modified":"2025-05-26T21:15:06","modified_gmt":"2025-05-26T19:15:06","slug":"stand-10m","status":"publish","type":"page","link":"https:\/\/stsl-asso.org\/index.php\/nos-installations\/stand-10m\/","title":{"rendered":"Stand 10m"},"content":{"rendered":"\n<div class=\"wp-block-cover alignfull\" style=\"padding-top:200px;padding-bottom:100px;min-height:316px;aspect-ratio:unset;\"><span aria-hidden=\"true\" class=\"wp-block-cover__background has-background-dim-100 has-background-dim\" style=\"background-color:#a73e26\"><\/span><div class=\"wp-block-cover__inner-container has-global-padding is-layout-constrained wp-container-core-cover-is-layout-fa2b4108 wp-block-cover-is-layout-constrained\">\n<h1 class=\"wp-block-heading alignwide has-text-align-center has-text-color has-raleway-font-family\" style=\"color:#ffffff;font-size:clamp(35.641px, 2.228rem + ((1vw - 3.2px) * 3.336), 65px);font-style:normal;font-weight:500;line-height:1.2\">Stand 10 m\u00e8tres<\/h1>\n<\/div><\/div>\n\n\n\n<div class=\"wp-block-group alignfull has-background has-global-padding is-layout-constrained wp-container-core-group-is-layout-25e1b834 wp-block-group-is-layout-constrained\" style=\"background-color:#a73e26;margin-top:0;margin-bottom:0;padding-top:50px;padding-bottom:50px\">\n<p class=\"has-text-align-left\" style=\"margin-top:var(--wp--preset--spacing--50);margin-right:0;margin-bottom:var(--wp--preset--spacing--50);margin-left:0; font-size:22.7px;\"><strong>La pratique du 10 m\u00e8tres s&rsquo;effectue avec une carabine ou un pistolet \u00e0 plomb par la propulsion d&rsquo;un projectile via de l&rsquo;air comprim\u00e9.<\/strong><\/p>\n\n\n\n\n<div class=\"wp-block-columns is-layout-flex wp-container-core-columns-is-layout-28f84493 wp-block-columns-is-layout-flex\">\n<div class=\"wp-block-column has-global-padding is-layout-constrained wp-block-column-is-layout-constrained\" style=\"flex-basis:100%\"><\/div>\n<\/div>\n\n\n\n<div class=\"wp-block-columns alignwide is-layout-flex wp-container-core-columns-is-layout-28f84493 wp-block-columns-is-layout-flex\">\n<div class=\"wp-block-column is-layout-flow wp-container-core-column-is-layout-3ca914a4 wp-block-column-is-layout-flow\">\n<div class=\"wp-block-cover is-light has-custom-content-position is-position-bottom-left\"><img loading=\"lazy\" decoding=\"async\" width=\"2259\" height=\"2259\" class=\"wp-block-cover__image-background wp-image-190\" alt=\"\" src=\"https:\/\/stsl-asso.org\/wp-content\/uploads\/2025\/03\/611bb2_493e2a93df2943f78efe8f593da50af3mv2.png\" data-object-fit=\"cover\" srcset=\"https:\/\/stsl-asso.org\/wp-content\/uploads\/2025\/03\/611bb2_493e2a93df2943f78efe8f593da50af3mv2.png 2259w, https:\/\/stsl-asso.org\/wp-content\/uploads\/2025\/03\/611bb2_493e2a93df2943f78efe8f593da50af3mv2-300x300.png 300w, https:\/\/stsl-asso.org\/wp-content\/uploads\/2025\/03\/611bb2_493e2a93df2943f78efe8f593da50af3mv2-1024x1024.png 1024w, https:\/\/stsl-asso.org\/wp-content\/uploads\/2025\/03\/611bb2_493e2a93df2943f78efe8f593da50af3mv2-150x150.png 150w, https:\/\/stsl-asso.org\/wp-content\/uploads\/2025\/03\/611bb2_493e2a93df2943f78efe8f593da50af3mv2-768x768.png 768w, https:\/\/stsl-asso.org\/wp-content\/uploads\/2025\/03\/611bb2_493e2a93df2943f78efe8f593da50af3mv2-1536x1536.png 1536w, https:\/\/stsl-asso.org\/wp-content\/uploads\/2025\/03\/611bb2_493e2a93df2943f78efe8f593da50af3mv2-2048x2048.png 2048w\" sizes=\"auto, (max-width: 2259px) 100vw, 2259px\" \/><span aria-hidden=\"true\" class=\"wp-block-cover__background has-background-dim-0 has-background-dim\" style=\"background-color:#a73e26\"><\/span><div class=\"wp-block-cover__inner-container is-layout-flow wp-block-cover-is-layout-flow\">\n<p class=\"has-text-color has-background has-link-color has-raleway-font-family wp-elements-d5e7f17f275f66bfb9b5be486346cc25\" style=\"color:#000000;background-color:#f8c761;padding-top:0px;padding-right:10px;padding-bottom:0px;padding-left:10px;font-size:clamp(24.034px, 1.502rem + ((1vw - 3.2px) * 1.814), 40px);font-style:normal;font-weight:500\">Ciblerie SIUS<\/p>\n<\/div><\/div>\n\n\n\n<div class=\"wp-block-cover has-custom-content-position is-position-bottom-left\"><img decoding=\"async\" class=\"wp-block-cover__image-background wp-image-124\" alt=\"\" src=\"http:\/\/stsl-asso.org\/wp-content\/uploads\/2024\/05\/10m-2.jpg\" data-object-fit=\"cover\"\/><span aria-hidden=\"true\" class=\"wp-block-cover__background has-background-dim-0 has-background-dim\" style=\"background-color:#a73e26\"><\/span><div class=\"wp-block-cover__inner-container is-layout-flow wp-block-cover-is-layout-flow\">\n<p class=\"has-text-color has-background has-link-color has-raleway-font-family wp-elements-e612c579d2ede7466a2ca9e72af5f5cc\" style=\"color:#000000;background-color:#f8c761;padding-top:0px;padding-right:10px;padding-bottom:0px;padding-left:10px;font-size:clamp(24.034px, 1.502rem + ((1vw - 3.2px) * 1.814), 40px);font-style:normal;font-weight:500\">Ciblerie Sport Quantum<\/p>\n<\/div><\/div>\n<\/div>\n\n\n\n<div class=\"wp-block-column is-layout-flow wp-container-core-column-is-layout-3ca914a4 wp-block-column-is-layout-flow\">\n<div class=\"wp-block-cover is-light has-custom-content-position is-position-bottom-left\"><img loading=\"lazy\" decoding=\"async\" width=\"600\" height=\"600\" class=\"wp-block-cover__image-background wp-image-188\" alt=\"\" src=\"https:\/\/stsl-asso.org\/wp-content\/uploads\/2025\/03\/cibles-pistolet-tir-a-10m-issf.jpg\" style=\"object-position:50% 50%\" data-object-fit=\"cover\" data-object-position=\"50% 50%\" srcset=\"https:\/\/stsl-asso.org\/wp-content\/uploads\/2025\/03\/cibles-pistolet-tir-a-10m-issf.jpg 600w, https:\/\/stsl-asso.org\/wp-content\/uploads\/2025\/03\/cibles-pistolet-tir-a-10m-issf-300x300.jpg 300w, https:\/\/stsl-asso.org\/wp-content\/uploads\/2025\/03\/cibles-pistolet-tir-a-10m-issf-150x150.jpg 150w\" sizes=\"auto, (max-width: 600px) 100vw, 600px\" \/><span aria-hidden=\"true\" class=\"wp-block-cover__background has-background-dim-0 has-background-dim\" style=\"background-color:#a73e26\"><\/span><div class=\"wp-block-cover__inner-container is-layout-flow wp-block-cover-is-layout-flow\">\n<p class=\"has-text-color has-background has-link-color has-raleway-font-family wp-elements-676cd8237cb305a692e3c2f09bf6f808\" style=\"color:#000000;background-color:#f8c761;padding-top:0px;padding-right:10px;padding-bottom:0px;padding-left:10px;font-size:clamp(24.034px, 1.502rem + ((1vw - 3.2px) * 1.814), 40px);font-style:normal;font-weight:500\">Ciblerie Papier<\/p>\n<\/div><\/div>\n\n\n\n<div class=\"wp-block-cover is-light has-custom-content-position is-position-bottom-left\"><span aria-hidden=\"true\" class=\"wp-block-cover__background has-background-dim-0 has-background-dim\" style=\"background-color:#a73e26\"><\/span><div class=\"wp-block-cover__inner-container is-layout-flow wp-block-cover-is-layout-flow\">\n<p class=\"has-text-color has-background has-link-color has-raleway-font-family wp-elements-6947243866b241d3e52576cd1c5e3422\" style=\"color:#000000;background-color:#f8c761;padding-top:0px;padding-right:10px;padding-bottom:0px;padding-left:10px;font-size:clamp(24.034px, 1.502rem + ((1vw - 3.2px) * 1.814), 40px);font-style:normal;font-weight:500\"><\/p>\n<\/div><\/div>\n<\/div>\n<\/div>\n<\/div>\n\n\n\n<p><\/p>\n","protected":false},"excerpt":{"rendered":"<p>La pratique du 10 m\u00e8tres s&rsquo;effectue avec une carabine ou un pistolet \u00e0 plomb par la propulsion d&rsquo;un projectile via de l&rsquo;air comprim\u00e9.<\/p>\n","protected":false},"author":1,"featured_media":0,"parent":74,"menu_order":0,"comment_status":"closed","ping_status":"closed","template":"","meta":{"footnotes":""},"class_list":["post-118","page","type-page","status-publish","hentry"],"_links":{"self":[{"href":"https:\/\/stsl-asso.org\/index.php\/wp-json\/wp\/v2\/pages\/118","targetHints":{"allow":["GET"]}}],"collection":[{"href":"https:\/\/stsl-asso.org\/index.php\/wp-json\/wp\/v2\/pages"}],"about":[{"href":"https:\/\/stsl-asso.org\/index.php\/wp-json\/wp\/v2\/types\/page"}],"author":[{"embeddable":true,"href":"https:\/\/stsl-asso.org\/index.php\/wp-json\/wp\/v2\/users\/1"}],"replies":[{"embeddable":true,"href":"https:\/\/stsl-asso.org\/index.php\/wp-json\/wp\/v2\/comments?post=118"}],"version-history":[{"count":8,"href":"https:\/\/stsl-asso.org\/index.php\/wp-json\/wp\/v2\/pages\/118\/revisions"}],"predecessor-version":[{"id":205,"href":"https:\/\/stsl-asso.org\/index.php\/wp-json\/wp\/v2\/pages\/118\/revisions\/205"}],"up":[{"embeddable":true,"href":"https:\/\/stsl-asso.org\/index.php\/wp-json\/wp\/v2\/pages\/74"}],"wp:attachment":[{"href":"https:\/\/stsl-asso.org\/index.php\/wp-json\/wp\/v2\/media?parent=118"}],"curies":[{"name":"wp","href":"https:\/\/api.w.org\/{rel}","templated":true}]}}