{"id":86,"date":"2024-04-29T21:11:55","date_gmt":"2024-04-29T19:11:55","guid":{"rendered":"https:\/\/stsl-asso.org\/?page_id=86"},"modified":"2025-07-15T18:16:45","modified_gmt":"2025-07-15T16:16:45","slug":"accueil","status":"publish","type":"page","link":"https:\/\/stsl-asso.org\/","title":{"rendered":"Accueil"},"content":{"rendered":"\n<div class=\"wp-block-cover alignfull is-light\" style=\"margin-top:0;margin-bottom:0;padding-top:100px;padding-bottom:100px;min-height:607px;aspect-ratio:unset;\"><img loading=\"lazy\" decoding=\"async\" width=\"1858\" height=\"719\" class=\"wp-block-cover__image-background wp-image-99\" alt=\"\" src=\"https:\/\/stsl-asso.org\/wp-content\/uploads\/2024\/04\/Capture-decran-2024-04-29-213631.png\" data-object-fit=\"cover\" srcset=\"https:\/\/stsl-asso.org\/wp-content\/uploads\/2024\/04\/Capture-decran-2024-04-29-213631.png 1858w, https:\/\/stsl-asso.org\/wp-content\/uploads\/2024\/04\/Capture-decran-2024-04-29-213631-300x116.png 300w, https:\/\/stsl-asso.org\/wp-content\/uploads\/2024\/04\/Capture-decran-2024-04-29-213631-1024x396.png 1024w, https:\/\/stsl-asso.org\/wp-content\/uploads\/2024\/04\/Capture-decran-2024-04-29-213631-768x297.png 768w, https:\/\/stsl-asso.org\/wp-content\/uploads\/2024\/04\/Capture-decran-2024-04-29-213631-1536x594.png 1536w\" sizes=\"auto, (max-width: 1858px) 100vw, 1858px\" \/><span aria-hidden=\"true\" class=\"wp-block-cover__background has-background-dim-30 has-background-dim\" style=\"background-color:#888b83\"><\/span><div class=\"wp-block-cover__inner-container has-global-padding is-layout-constrained wp-container-core-cover-is-layout-431b4ecb wp-block-cover-is-layout-constrained\">\n<div class=\"wp-block-group has-global-padding is-layout-constrained wp-container-core-group-is-layout-704e782a wp-block-group-is-layout-constrained\">\n<div class=\"wp-block-columns is-layout-flex wp-container-core-columns-is-layout-59e203da wp-block-columns-is-layout-flex\" style=\"padding-right:0;padding-left:0\">\n<div class=\"wp-block-column is-layout-flow wp-block-column-is-layout-flow\"><\/div>\n<\/div>\n<\/div>\n<\/div><\/div>\n\n\n\n<div class=\"wp-block-columns alignfull is-layout-flex wp-container-core-columns-is-layout-28f84493 wp-block-columns-is-layout-flex\">\n<div class=\"wp-block-column is-vertically-aligned-center is-layout-flow wp-block-column-is-layout-flow\" style=\"flex-basis:100%\">\n<CENTER><font color=\"red\"> <font size=\"10pt\"> <strong> L&rsquo;ADHESION POUR LA SAISON 2025\/2026 EST COMPL\u00c8TE. <BR> REOUVERTURE DES INSCRIPTIONS EN SEPTEMBRE 2026. <BR> <\/font> <\/font> <\/font> <CENTER>\n<\/div>\n<\/div>\n\n\n\n<div class=\"wp-block-group alignfull has-background has-global-padding is-layout-constrained wp-container-core-group-is-layout-855f570e wp-block-group-is-layout-constrained\" style=\"background-color:#ebeadf;margin-top:0;margin-bottom:0;padding-top:120px;padding-bottom:100px\">\n<div class=\"wp-block-media-text alignfull has-media-on-the-right is-stacked-on-mobile is-vertically-aligned-center\" style=\"padding-right:100px;grid-template-columns:auto 19%\"><div class=\"wp-block-media-text__content\">\n<h1 class=\"wp-block-heading has-text-color has-raleway-font-family\" style=\"color:#000000;padding-right:60px;font-size:clamp(35.641px, 2.228rem + ((1vw - 3.2px) * 3.336), 65px);font-style:normal;font-weight:500;text-transform:capitalize\">Soci\u00e9t\u00e9 de tir sportif de Lyon<\/h1>\n\n\n\n<p class=\"has-text-color has-roboto-serif-font-family\" style=\"color:#000000;padding-top:0px;padding-right:60px;padding-bottom:50px;font-size:clamp(14px, 0.875rem + ((1vw - 3.2px) * 0.455), 18px);font-style:normal;font-weight:400\"><em>Le Club de la STSL est heureux de vous accueillir sur son site. <\/em><br><br><\/p>\n<\/div><figure class=\"wp-block-media-text__media\"><img loading=\"lazy\" decoding=\"async\" width=\"288\" height=\"300\" src=\"http:\/\/stsl-asso.org\/wp-content\/uploads\/2024\/04\/LOGO-STSL-COULEUR-288x300-1.jpg\" alt=\"\" class=\"wp-image-18 size-full\"\/><\/figure><\/div>\n<\/div>\n\n\n\n<div class=\"wp-block-group alignfull has-background has-global-padding is-layout-constrained wp-container-core-group-is-layout-d356d0e5 wp-block-group-is-layout-constrained\" style=\"background-color:#f7f6f0;margin-top:0;margin-bottom:0;padding-top:100px;padding-bottom:120px\">\n<p class=\"has-text-align-center has-text-color has-link-color has-system-font-font-family wp-elements-908422665339ccfef29c947e4f583692\" style=\"color:#000000;font-size:clamp(28.836px, 1.802rem + ((1vw - 3.2px) * 2.405), 50px);font-style:normal;font-weight:500;line-height:1.5\"><strong>Nos diff\u00e9rents postes de tir<\/strong><\/p>\n\n\n\n<div class=\"wp-block-group alignfull has-global-padding is-layout-constrained wp-container-core-group-is-layout-dfcc580f wp-block-group-is-layout-constrained\" style=\"margin-top:0;margin-bottom:0;padding-top:100px;padding-bottom:0px\">\n<div class=\"wp-block-columns alignwide is-layout-flex wp-container-core-columns-is-layout-2be0c77d wp-block-columns-is-layout-flex\" style=\"margin-top:40px;margin-bottom:40px\">\n<div class=\"wp-block-column is-layout-flow wp-block-column-is-layout-flow\">\n<figure class=\"wp-block-image aligncenter size-full is-resized has-custom-border is-style-default\"><img decoding=\"async\" src=\"http:\/\/stsl-asso.org\/wp-content\/uploads\/2024\/05\/10m-5.jpg\" alt=\"\" class=\"wp-image-128\" style=\"border-style:none;border-width:0px;border-radius:100px;width:335px;height:auto\"\/><\/figure>\n\n\n\n<div class=\"wp-block-buttons is-content-justification-center is-layout-flex wp-container-core-buttons-is-layout-a89b3969 wp-block-buttons-is-layout-flex\">\n<div class=\"wp-block-button\"><a class=\"wp-block-button__link has-text-color has-background has-bayon-font-family has-custom-font-size wp-element-button\" href=\"https:\/\/stsl-asso.org\/index.php\/nos-installations\/stand-10m\/\" style=\"border-radius:50px;color:#ffffff;background-color:#086b6b;padding-right:25px;padding-left:25px;font-size:clamp(14px, 0.875rem + ((1vw - 3.2px) * 0.227), 16px);font-style:normal;font-weight:700;letter-spacing:0px;text-transform:uppercase\">10 m\u00e8tres<\/a><\/div>\n<\/div>\n<\/div>\n\n\n\n<div class=\"wp-block-column is-layout-flow wp-block-column-is-layout-flow\">\n<figure class=\"wp-block-image aligncenter size-full is-resized has-custom-border\"><img decoding=\"async\" src=\"http:\/\/stsl-asso.org\/wp-content\/uploads\/2024\/05\/25m-loisir.jpg\" alt=\"\" class=\"wp-image-127\" style=\"border-radius:100px;width:344px;height:auto\"\/><\/figure>\n\n\n\n<div class=\"wp-block-buttons is-content-justification-center is-layout-flex wp-container-core-buttons-is-layout-a89b3969 wp-block-buttons-is-layout-flex\">\n<div class=\"wp-block-button\"><a class=\"wp-block-button__link has-text-color has-background has-bayon-font-family has-custom-font-size wp-element-button\" href=\"#\" style=\"border-radius:50px;color:#ffffff;background-color:#086b6b;padding-right:25px;padding-left:25px;font-size:clamp(14px, 0.875rem + ((1vw - 3.2px) * 0.227), 16px);font-style:normal;font-weight:700;letter-spacing:0px;text-transform:uppercase\">25 m\u00e8tres<\/a><\/div>\n<\/div>\n<\/div>\n\n\n\n<div class=\"wp-block-column is-layout-flow wp-block-column-is-layout-flow\">\n<figure class=\"wp-block-image aligncenter size-full is-resized has-custom-border\"><img decoding=\"async\" src=\"http:\/\/stsl-asso.org\/wp-content\/uploads\/2024\/05\/50m.jpg\" alt=\"\" class=\"wp-image-129\" style=\"border-radius:100px;width:346px;height:auto\"\/><\/figure>\n\n\n\n<div class=\"wp-block-buttons is-content-justification-center is-layout-flex wp-container-core-buttons-is-layout-a89b3969 wp-block-buttons-is-layout-flex\">\n<div class=\"wp-block-button\"><a class=\"wp-block-button__link has-text-color has-background has-bayon-font-family has-custom-font-size wp-element-button\" href=\"#\" style=\"border-radius:50px;color:#ffffff;background-color:#086b6b;padding-right:25px;padding-left:25px;font-size:clamp(14px, 0.875rem + ((1vw - 3.2px) * 0.227), 16px);font-style:normal;font-weight:700;letter-spacing:0px;text-transform:uppercase\">50 m\u00e8tres<\/a><\/div>\n<\/div>\n<\/div>\n<\/div>\n\n\n\n<p><\/p>\n<\/div>\n<\/div>\n\n\n\n<div class=\"wp-block-cover alignfull is-light\" style=\"margin-top:0;margin-bottom:0;padding-top:100px;padding-right:300;padding-bottom:100px;padding-left:300;min-height:509px;aspect-ratio:unset;\"><img decoding=\"async\" class=\"wp-block-cover__image-background wp-image-1601\" alt=\"\" src=\"https:\/\/tyler.com\/wp-content\/uploads\/2023\/11\/Fresh-Home-4th-Cover-Image.jpeg\" style=\"object-position:50% 50%\" data-object-fit=\"cover\" data-object-position=\"50% 50%\"\/><span aria-hidden=\"true\" class=\"wp-block-cover__background has-background-dim\"><\/span><div class=\"wp-block-cover__inner-container has-global-padding is-layout-constrained wp-container-core-cover-is-layout-8ef97ab5 wp-block-cover-is-layout-constrained\">\n<div class=\"wp-block-columns is-layout-flex wp-container-core-columns-is-layout-28f84493 wp-block-columns-is-layout-flex\">\n<div class=\"wp-block-column is-layout-flow wp-block-column-is-layout-flow\"><\/div>\n\n\n\n<div class=\"wp-block-column is-layout-flow wp-block-column-is-layout-flow\" style=\"flex-basis:400px\">\n<h2 class=\"wp-block-heading has-text-color has-link-color wp-elements-6fa6d56f8b0a066c745a97dcd438f9e7\" style=\"color:#ffffff\">Adresse<\/h2>\n\n\n\n<p class=\"has-text-color has-link-color wp-elements-7f649a6cfe0325dc240dba8fbeffe979\" style=\"color:#ffffff\">Rte de Grenoble, <br>69800 Saint-Priest<\/p>\n\n\n\n<p><\/p>\n\n\n\n<iframe src=\"https:\/\/www.google.com\/maps\/embed?pb=!1m18!1m12!1m3!1d984.8358155807109!2d4.9419344908901035!3d45.72033788419964!2m3!1f0!2f0!3f0!3m2!1i1024!2i768!4f13.1!3m3!1m2!1s0x47f4c4196cbfb319%3A0x3dd345cdd7919aef!2sUnion%20des%20Soci%C3%A9t%C3%A9s%20de%20Tir%20Sportif!5e0!3m2!1sfr!2sfr!4v1719169619002!5m2!1sfr!2sfr\" width=\"600\" height=\"450\" style=\"border:0;\" allowfullscreen=\"\" loading=\"lazy\" referrerpolicy=\"no-referrer-when-downgrade\"><\/iframe>\n<\/div>\n\n\n\n<div class=\"wp-block-column is-layout-flow wp-block-column-is-layout-flow\" style=\"flex-basis:460px\">\n<h2 class=\"wp-block-heading has-text-color has-link-color wp-elements-4c063a476606d7ac43e0f44192d18e86\" style=\"color:#ffffff\">Horaires<\/h2>\n\n\n\n<p class=\"has-text-color has-link-color wp-elements-47ff68105e9861f9e2a65ebfab64771e\" style=\"color:#ffffff\">Lundi de 17h \u00e0 20h (Pour les tireurs poss\u00e9dant une arme)<br>Mercredi de 15h30 \u00e0 21h<br>Dimanche de 10h \u00e0 12h<\/p>\n\n\n\n<p><\/p>\n<\/div>\n<\/div>\n<\/div><\/div>\n\n\n\n<p><\/p>\n","protected":false},"excerpt":{"rendered":"<p>L&rsquo;ADHESION POUR LA SAISON 2025\/2026 EST COMPL\u00c8TE. REOUVERTURE DES INSCRIPTIONS EN SEPTEMBRE 2026. Soci\u00e9t\u00e9 de tir sportif de Lyon Le Club de la STSL est heureux de vous accueillir sur son site. Nos diff\u00e9rents postes de tir<\/p>\n","protected":false},"author":1,"featured_media":0,"parent":0,"menu_order":0,"comment_status":"closed","ping_status":"closed","template":"","meta":{"footnotes":""},"class_list":["post-86","page","type-page","status-publish","hentry"],"_links":{"self":[{"href":"https:\/\/stsl-asso.org\/index.php\/wp-json\/wp\/v2\/pages\/86","targetHints":{"allow":["GET"]}}],"collection":[{"href":"https:\/\/stsl-asso.org\/index.php\/wp-json\/wp\/v2\/pages"}],"about":[{"href":"https:\/\/stsl-asso.org\/index.php\/wp-json\/wp\/v2\/types\/page"}],"author":[{"embeddable":true,"href":"https:\/\/stsl-asso.org\/index.php\/wp-json\/wp\/v2\/users\/1"}],"replies":[{"embeddable":true,"href":"https:\/\/stsl-asso.org\/index.php\/wp-json\/wp\/v2\/comments?post=86"}],"version-history":[{"count":34,"href":"https:\/\/stsl-asso.org\/index.php\/wp-json\/wp\/v2\/pages\/86\/revisions"}],"predecessor-version":[{"id":210,"href":"https:\/\/stsl-asso.org\/index.php\/wp-json\/wp\/v2\/pages\/86\/revisions\/210"}],"wp:attachment":[{"href":"https:\/\/stsl-asso.org\/index.php\/wp-json\/wp\/v2\/media?parent=86"}],"curies":[{"name":"wp","href":"https:\/\/api.w.org\/{rel}","templated":true}]}}